{"id":255,"date":"2022-07-26T22:38:30","date_gmt":"2022-07-26T20:38:30","guid":{"rendered":"https:\/\/blog.honsume.com\/?page_id=255"},"modified":"2025-12-22T22:28:39","modified_gmt":"2025-12-22T21:28:39","slug":"homepage","status":"publish","type":"page","link":"https:\/\/honsume.com\/blog\/","title":{"rendered":"Home"},"content":{"rendered":"<div id=\"pl-255\"  class=\"panel-layout\" ><div id=\"pg-255-0\"  class=\"panel-grid panel-no-style\" ><div id=\"pgc-255-0-0\"  class=\"panel-grid-cell\" ><div id=\"panel-255-0-0-0\" class=\"so-panel widget widget_siteorigin-panels-builder panel-first-child panel-last-child\" data-index=\"0\" ><div id=\"pl-w6949b807bdef8\"  class=\"panel-layout\" ><div id=\"pg-w6949b807bdef8-0\"  class=\"panel-grid panel-no-style\" ><div id=\"pgc-w6949b807bdef8-0-0\"  class=\"panel-grid-cell\" ><div id=\"panel-w6949b807bdef8-0-0-0\" class=\"so-panel widget widget_siteorigin-panels-builder panel-first-child panel-last-child\" data-index=\"0\" ><div id=\"pl-w6949b807bdeff\"  class=\"panel-layout\" ><div id=\"pg-w6949b807bdeff-0\"  class=\"panel-grid panel-has-style\" ><div class=\"siteorigin-panels-stretch panel-row-style panel-row-style-for-w6949b807bdeff-0\" data-stretch-type=\"full-width-stretch\" ><div id=\"pgc-w6949b807bdeff-0-0\"  class=\"panel-grid-cell\" ><div id=\"panel-w6949b807bdeff-0-0-0\" class=\"so-panel widget widget_sow-hero panel-first-child panel-last-child\" data-index=\"0\" ><div\n\t\t\t\n\t\t\tclass=\"so-widget-sow-hero so-widget-sow-hero-default-d1c53cf26da7 so-widget-fittext-wrapper\"\n\t\t\t data-fit-text-compressor=\"0.85\"\n\t\t>\t\t\t\t<div class=\"sow-slider-base\" style=\"display: none\" tabindex=\"0\">\n\t\t\t\t\t<ul\n\t\t\t\t\tclass=\"sow-slider-images\"\n\t\t\t\t\tdata-settings=\"{&quot;pagination&quot;:true,&quot;speed&quot;:800,&quot;timeout&quot;:8000,&quot;paused&quot;:false,&quot;pause_on_hover&quot;:false,&quot;swipe&quot;:true,&quot;nav_always_show_desktop&quot;:&quot;&quot;,&quot;nav_always_show_mobile&quot;:&quot;&quot;,&quot;breakpoint&quot;:&quot;780px&quot;,&quot;unmute&quot;:false,&quot;anchor&quot;:null}\"\n\t\t\t\t\tstyle=\"min-height: 360px\"\t\t\t\t\tdata-anchor-id=\"\"\n\t\t\t\t>\t\t<li class=\"sow-slider-image  sow-slider-image-cover\" style=\"visibility: visible;;background-color: #e2cebd\" >\n\t\t\t\t\t<div class=\"sow-slider-image-container\">\n\t\t\t<div class=\"sow-slider-image-wrapper\">\n\t\t\t\t<h1 style=\"text-align: center\">CONSUME, BUT MAKE IT<\/h1>\n<h1 style=\"text-align: center\"><span style=\"color: #333333\">HONEST &amp; SUSTAINABLE<\/span><\/h1>\n<div class=\"sow-hero-buttons\" style=\"text-align: center;font-family: Montserrat\"><div\n\t\t\t\n\t\t\tclass=\"so-widget-sow-button so-widget-sow-button-wire-39f6a21bb2c2\"\n\t\t\t\n\t\t><div class=\"ow-button-base ow-button-align-center\"\n>\n\t\t\t<a\n\t\t\t\t\thref=\"https:\/\/honsume.com\/blog\/category\/beitraege\/\"\n\t\t\t\t\tclass=\"sowb-button ow-icon-placement-left ow-button-hover\" \t>\n\t\t<span>\n\t\t\t\n\t\t\tZU UNSEREN BLOGPOSTS\t\t<\/span>\n\t\t\t<\/a>\n\t<\/div>\n<\/div><\/div>\t\t\t<\/div>\n\t\t<\/div>\n\t\t<div class=\"sow-slider-image-overlay sow-slider-image-cover\" style=\"opacity: 0.32;background-image: url(https:\/\/honsume.com\/blog\/wp-content\/uploads\/2022\/06\/janko-ferlic-eBtwD6ZG78I-unsplash-2-1024x683.jpg)\"  ><\/div>\t\t<\/li>\n\t\t<\/ul>\t\t\t\t<ol class=\"sow-slider-pagination\">\n\t\t\t\t\t\t\t\t\t\t\t<li><a href=\"#\" data-goto=\"0\" aria-label=\"Display slide 1\"><\/a><\/li>\n\t\t\t\t\t\t\t\t\t<\/ol>\n\n\t\t\t\t<div class=\"sow-slide-nav sow-slide-nav-next\">\n\t\t\t\t\t<a href=\"#\" data-goto=\"next\" aria-label=\"Next slide\" data-action=\"next\">\n\t\t\t\t\t\t<em class=\"sow-sld-icon-thin-right\"><\/em>\n\t\t\t\t\t<\/a>\n\t\t\t\t<\/div>\n\n\t\t\t\t<div class=\"sow-slide-nav sow-slide-nav-prev\">\n\t\t\t\t\t<a href=\"#\" data-goto=\"previous\" aria-label=\"Previous slide\" data-action=\"prev\">\n\t\t\t\t\t\t<em class=\"sow-sld-icon-thin-left\"><\/em>\n\t\t\t\t\t<\/a>\n\t\t\t\t<\/div>\n\t\t\t\t<\/div><\/div><\/div><\/div><\/div><\/div><div id=\"pg-w6949b807bdeff-1\"  class=\"panel-grid panel-has-style\" ><div class=\"panel-row-style panel-row-style-for-w6949b807bdeff-1\" ><div id=\"pgc-w6949b807bdeff-1-0\"  class=\"panel-grid-cell\" ><div id=\"panel-w6949b807bdeff-1-0-0\" class=\"so-panel widget widget_sow-post-carousel panel-first-child panel-last-child\" data-index=\"1\" ><div class=\"panel-widget-style panel-widget-style-for-w6949b807bdeff-1-0-0\" ><div\n\t\t\t\n\t\t\tclass=\"so-widget-sow-post-carousel so-widget-sow-post-carousel-base-d590ce9dd458\"\n\t\t\t\n\t\t>\t<div\n\t\tclass=\"sow-post-carousel-wrapper sow-post-carousel-theme-base\"\n\t\tstyle=\"overflow: hidden; max-width: 100%; min-height: 182px\"\n\t>\n\t\t<div class=\"sow-carousel-title has-title\">\n\t<h3 class=\"widget-title\">DIE NEUSTEN BEITR\u00c4GE<\/h3>\t\t<div class=\"sow-carousel-navigation \">\n\t\t\t\t\t\t<a href=\"#\" class=\"sow-carousel-next\" title=\"Next\" aria-label=\"Next Posts\" role=\"button\"><\/a>\n\t\t\t\t\t\t<a href=\"#\" class=\"sow-carousel-previous\" title=\"Previous\" aria-label=\"Previous Posts\" role=\"button\"><\/a>\n\t\t\t\t\t<\/div>\n\t<\/div>\n\n<div class=\"sow-carousel-container \">\n\t\t<div class=\"sow-carousel-wrapper\"\n\t\tdata-dir=\"ltr\"\n\t\tstyle=\"opacity: 0;\"\n\t\tdata-widget=\"post\" data-fetching=\"false\" data-page=\"1\" data-ajax-url=\"https:\/\/honsume.com\/blog\/wp-admin\/admin-ajax.php?_widgets_nonce=23fca11298\" data-item_count=\"21\" data-carousel_settings=\"{&quot;loop&quot;:true,&quot;animation&quot;:&quot;Ease&quot;,&quot;animation_speed&quot;:0,&quot;autoplay&quot;:&quot;off&quot;,&quot;pauseOnHover&quot;:false,&quot;autoplaySpeed&quot;:8000,&quot;item_overflow&quot;:true,&quot;autoplay_continuous_scroll&quot;:false}\" data-responsive=\"{&quot;desktop_slides_to_scroll&quot;:1,&quot;tablet_landscape_breakpoint&quot;:1366,&quot;tablet_landscape_slides_to_scroll&quot;:2,&quot;tablet_portrait_breakpoint&quot;:1025,&quot;tablet_portrait_slides_to_scroll&quot;:2,&quot;mobile_breakpoint&quot;:480,&quot;mobile_slides_to_scroll&quot;:1}\" data-variable_width=\"true\" \t>\n\t\t<div\n\t\t\tclass=\"sow-carousel-items\"\n\t\t\t\t\t>\n\t\t\t\t<div class=\"sow-carousel-item\" tabindex=\"-1\" style=\"float: left;\">\n\t\t<div class=\"sow-carousel-thumbnail\">\n\t\t\t\t\t\t\t<a\n\t\t\t\t\thref=\"https:\/\/honsume.com\/blog\/2026\/02\/15\/capsule-wardrobe-nachhaltig-zeitlos\/\"\n\t\t\t\t\t\t\t\t\t\tstyle=\"background-image: url( https:\/\/honsume.com\/blog\/wp-content\/uploads\/2026\/02\/Capsule-Wardrobe-272x182.jpg )\"\n\t\t\t\t\taria-labelledby=\"sow-carousel-id-827\"\n\t\t\t\t\ttabindex=\"-1\"\n\t\t\t\t>\n\t\t\t\t\t<span class=\"overlay\"><\/span>\n\t\t\t\t<\/a>\n\t\t\t\t\t<\/div>\n\t\t<h3 class=\"sow-carousel-item-title\">\n\t\t\t<a\n\t\t\t\thref=\"https:\/\/honsume.com\/blog\/2026\/02\/15\/capsule-wardrobe-nachhaltig-zeitlos\/\"\n\t\t\t\tid=\"sow-carousel-id-827\"\n\t\t\t\t\t\t\t\ttabindex=\"-1\"\n\t\t\t>\n\n\t\t\t\tCapsule Wardrobe: Weniger Kleidung, mehr Stil\t\t\t<\/a>\n\t\t<\/h3>\n\t<\/div>\n\t\t<div class=\"sow-carousel-item\" tabindex=\"-1\" style=\"float: left;\">\n\t\t<div class=\"sow-carousel-thumbnail\">\n\t\t\t\t\t\t\t<a\n\t\t\t\t\thref=\"https:\/\/honsume.com\/blog\/2026\/02\/04\/nachhaltige-vorsaetze-warum-weniger-oft-mehr-ist\/\"\n\t\t\t\t\t\t\t\t\t\tstyle=\"background-image: url( https:\/\/honsume.com\/blog\/wp-content\/uploads\/2026\/02\/lessismore-272x182.jpg )\"\n\t\t\t\t\taria-labelledby=\"sow-carousel-id-822\"\n\t\t\t\t\ttabindex=\"-1\"\n\t\t\t\t>\n\t\t\t\t\t<span class=\"overlay\"><\/span>\n\t\t\t\t<\/a>\n\t\t\t\t\t<\/div>\n\t\t<h3 class=\"sow-carousel-item-title\">\n\t\t\t<a\n\t\t\t\thref=\"https:\/\/honsume.com\/blog\/2026\/02\/04\/nachhaltige-vorsaetze-warum-weniger-oft-mehr-ist\/\"\n\t\t\t\tid=\"sow-carousel-id-822\"\n\t\t\t\t\t\t\t\ttabindex=\"-1\"\n\t\t\t>\n\n\t\t\t\tNachhaltige Vors\u00e4tze: Warum weniger oft mehr ist\t\t\t<\/a>\n\t\t<\/h3>\n\t<\/div>\n\t\t<div class=\"sow-carousel-item\" tabindex=\"-1\" style=\"float: left;\">\n\t\t<div class=\"sow-carousel-thumbnail\">\n\t\t\t\t\t\t\t<a\n\t\t\t\t\thref=\"https:\/\/honsume.com\/blog\/2026\/02\/03\/bewusster-konsum-im-alltag-7-einfache-veraenderungen\/\"\n\t\t\t\t\t\t\t\t\t\tstyle=\"background-image: url( https:\/\/honsume.com\/blog\/wp-content\/uploads\/2026\/02\/Consumption_process-scaled-e1770126283575-272x182.jpg )\"\n\t\t\t\t\taria-labelledby=\"sow-carousel-id-825\"\n\t\t\t\t\ttabindex=\"-1\"\n\t\t\t\t>\n\t\t\t\t\t<span class=\"overlay\"><\/span>\n\t\t\t\t<\/a>\n\t\t\t\t\t<\/div>\n\t\t<h3 class=\"sow-carousel-item-title\">\n\t\t\t<a\n\t\t\t\thref=\"https:\/\/honsume.com\/blog\/2026\/02\/03\/bewusster-konsum-im-alltag-7-einfache-veraenderungen\/\"\n\t\t\t\tid=\"sow-carousel-id-825\"\n\t\t\t\t\t\t\t\ttabindex=\"-1\"\n\t\t\t>\n\n\t\t\t\tBewusster Konsum im Alltag: 7 einfache Ver\u00e4nderungen\t\t\t<\/a>\n\t\t<\/h3>\n\t<\/div>\n\t\t<div class=\"sow-carousel-item\" tabindex=\"-1\" style=\"float: left;\">\n\t\t<div class=\"sow-carousel-thumbnail\">\n\t\t\t\t\t\t\t<a\n\t\t\t\t\thref=\"https:\/\/honsume.com\/blog\/2026\/01\/26\/slow-living-und-bewusster-konsum\/\"\n\t\t\t\t\t\t\t\t\t\tstyle=\"background-image: url( https:\/\/honsume.com\/blog\/wp-content\/uploads\/2026\/01\/slow-living-272x182.jpg )\"\n\t\t\t\t\taria-labelledby=\"sow-carousel-id-805\"\n\t\t\t\t\ttabindex=\"-1\"\n\t\t\t\t>\n\t\t\t\t\t<span class=\"overlay\"><\/span>\n\t\t\t\t<\/a>\n\t\t\t\t\t<\/div>\n\t\t<h3 class=\"sow-carousel-item-title\">\n\t\t\t<a\n\t\t\t\thref=\"https:\/\/honsume.com\/blog\/2026\/01\/26\/slow-living-und-bewusster-konsum\/\"\n\t\t\t\tid=\"sow-carousel-id-805\"\n\t\t\t\t\t\t\t\ttabindex=\"-1\"\n\t\t\t>\n\n\t\t\t\tSlow Living &amp; bewusster Konsum: Warum weniger Tempo alles ver\u00e4ndert\t\t\t<\/a>\n\t\t<\/h3>\n\t<\/div>\n\t\t<div class=\"sow-carousel-item\" tabindex=\"-1\" style=\"float: left;\">\n\t\t<div class=\"sow-carousel-thumbnail\">\n\t\t\t\t\t\t\t<a\n\t\t\t\t\thref=\"https:\/\/honsume.com\/blog\/2026\/01\/12\/nachhaltige-mode-2026-was-du-jetzt-wissen-musst\/\"\n\t\t\t\t\t\t\t\t\t\tstyle=\"background-image: url( https:\/\/honsume.com\/blog\/wp-content\/uploads\/2026\/01\/fashion_trends_2026-Medium-272x182.jpeg )\"\n\t\t\t\t\taria-labelledby=\"sow-carousel-id-707\"\n\t\t\t\t\ttabindex=\"-1\"\n\t\t\t\t>\n\t\t\t\t\t<span class=\"overlay\"><\/span>\n\t\t\t\t<\/a>\n\t\t\t\t\t<\/div>\n\t\t<h3 class=\"sow-carousel-item-title\">\n\t\t\t<a\n\t\t\t\thref=\"https:\/\/honsume.com\/blog\/2026\/01\/12\/nachhaltige-mode-2026-was-du-jetzt-wissen-musst\/\"\n\t\t\t\tid=\"sow-carousel-id-707\"\n\t\t\t\t\t\t\t\ttabindex=\"-1\"\n\t\t\t>\n\n\t\t\t\tNachhaltige Mode 2026: Was du jetzt wissen musst\t\t\t<\/a>\n\t\t<\/h3>\n\t<\/div>\n\t\t<div class=\"sow-carousel-item\" tabindex=\"-1\" style=\"float: left;\">\n\t\t<div class=\"sow-carousel-thumbnail\">\n\t\t\t\t\t\t\t<a\n\t\t\t\t\thref=\"https:\/\/honsume.com\/blog\/2025\/12\/28\/nachhaltig-silvester-feiern-bewusst-achtsam-ins-jahr-2026\/\"\n\t\t\t\t\t\t\t\t\t\tstyle=\"background-image: url( https:\/\/honsume.com\/blog\/wp-content\/uploads\/2025\/12\/Wunderkerze-scaled-e1766956750498-272x182.jpg )\"\n\t\t\t\t\taria-labelledby=\"sow-carousel-id-741\"\n\t\t\t\t\ttabindex=\"-1\"\n\t\t\t\t>\n\t\t\t\t\t<span class=\"overlay\"><\/span>\n\t\t\t\t<\/a>\n\t\t\t\t\t<\/div>\n\t\t<h3 class=\"sow-carousel-item-title\">\n\t\t\t<a\n\t\t\t\thref=\"https:\/\/honsume.com\/blog\/2025\/12\/28\/nachhaltig-silvester-feiern-bewusst-achtsam-ins-jahr-2026\/\"\n\t\t\t\tid=\"sow-carousel-id-741\"\n\t\t\t\t\t\t\t\ttabindex=\"-1\"\n\t\t\t>\n\n\t\t\t\tNachhaltig Silvester feiern \u2013 bewusst &amp; achtsam ins Jahr 2026\t\t\t<\/a>\n\t\t<\/h3>\n\t<\/div>\n\t\t<div class=\"sow-carousel-item\" tabindex=\"-1\" style=\"float: left;\">\n\t\t<div class=\"sow-carousel-thumbnail\">\n\t\t\t\t\t\t\t<a\n\t\t\t\t\thref=\"https:\/\/honsume.com\/blog\/2025\/12\/27\/die-groessten-nachhaltigen-mode-momente-2025\/\"\n\t\t\t\t\t\t\t\t\t\tstyle=\"background-image: url( https:\/\/honsume.com\/blog\/wp-content\/uploads\/2025\/12\/2025-sustainable-fashion-scaled-e1766873751325-272x182.jpg )\"\n\t\t\t\t\taria-labelledby=\"sow-carousel-id-705\"\n\t\t\t\t\ttabindex=\"-1\"\n\t\t\t\t>\n\t\t\t\t\t<span class=\"overlay\"><\/span>\n\t\t\t\t<\/a>\n\t\t\t\t\t<\/div>\n\t\t<h3 class=\"sow-carousel-item-title\">\n\t\t\t<a\n\t\t\t\thref=\"https:\/\/honsume.com\/blog\/2025\/12\/27\/die-groessten-nachhaltigen-mode-momente-2025\/\"\n\t\t\t\tid=\"sow-carousel-id-705\"\n\t\t\t\t\t\t\t\ttabindex=\"-1\"\n\t\t\t>\n\n\t\t\t\tDie gr\u00f6\u00dften nachhaltigen Mode\u2011Momente 2025 \u2013 Was bleibt, was geht?\t\t\t<\/a>\n\t\t<\/h3>\n\t<\/div>\n\t\t<div class=\"sow-carousel-item\" tabindex=\"-1\" style=\"float: left;\">\n\t\t<div class=\"sow-carousel-thumbnail\">\n\t\t\t\t\t\t\t<a\n\t\t\t\t\thref=\"https:\/\/honsume.com\/blog\/2025\/12\/23\/nachhaltige-weihnachten-so-wird-das-fest-der-liebe-umweltfreundlich\/\"\n\t\t\t\t\t\t\t\t\t\tstyle=\"background-image: url( https:\/\/honsume.com\/blog\/wp-content\/uploads\/2025\/12\/honsume-CI-colors-e1766957574287-272x182.png )\"\n\t\t\t\t\taria-labelledby=\"sow-carousel-id-730\"\n\t\t\t\t\ttabindex=\"-1\"\n\t\t\t\t>\n\t\t\t\t\t<span class=\"overlay\"><\/span>\n\t\t\t\t<\/a>\n\t\t\t\t\t<\/div>\n\t\t<h3 class=\"sow-carousel-item-title\">\n\t\t\t<a\n\t\t\t\thref=\"https:\/\/honsume.com\/blog\/2025\/12\/23\/nachhaltige-weihnachten-so-wird-das-fest-der-liebe-umweltfreundlich\/\"\n\t\t\t\tid=\"sow-carousel-id-730\"\n\t\t\t\t\t\t\t\ttabindex=\"-1\"\n\t\t\t>\n\n\t\t\t\tNachhaltige Weihnachten: So wird das Fest der Liebe umweltfreundlich\t\t\t<\/a>\n\t\t<\/h3>\n\t<\/div>\n\t\t<div class=\"sow-carousel-item\" tabindex=\"-1\" style=\"float: left;\">\n\t\t<div class=\"sow-carousel-thumbnail\">\n\t\t\t\t\t\t\t<a\n\t\t\t\t\thref=\"https:\/\/honsume.com\/blog\/2025\/12\/02\/bio-materialien-biodesign-die-mode-der-zukunft\/\"\n\t\t\t\t\t\t\t\t\t\tstyle=\"background-image: url( https:\/\/honsume.com\/blog\/wp-content\/uploads\/2025\/11\/Bio_Design-272x182.jpg )\"\n\t\t\t\t\taria-labelledby=\"sow-carousel-id-580\"\n\t\t\t\t\ttabindex=\"-1\"\n\t\t\t\t>\n\t\t\t\t\t<span class=\"overlay\"><\/span>\n\t\t\t\t<\/a>\n\t\t\t\t\t<\/div>\n\t\t<h3 class=\"sow-carousel-item-title\">\n\t\t\t<a\n\t\t\t\thref=\"https:\/\/honsume.com\/blog\/2025\/12\/02\/bio-materialien-biodesign-die-mode-der-zukunft\/\"\n\t\t\t\tid=\"sow-carousel-id-580\"\n\t\t\t\t\t\t\t\ttabindex=\"-1\"\n\t\t\t>\n\n\t\t\t\tBio\u2011Materialien &amp; Biodesign \u2013 Mode der Zukunft?\t\t\t<\/a>\n\t\t<\/h3>\n\t<\/div>\n\t\t<div class=\"sow-carousel-item\" tabindex=\"-1\" style=\"float: left;\">\n\t\t<div class=\"sow-carousel-thumbnail\">\n\t\t\t\t\t\t\t<a\n\t\t\t\t\thref=\"https:\/\/honsume.com\/blog\/2025\/11\/05\/nachhaltige-adventskalender-2025\/\"\n\t\t\t\t\t\t\t\t\t\tstyle=\"background-image: url( https:\/\/honsume.com\/blog\/wp-content\/uploads\/2025\/11\/Adventskalender2025-272x182.jpg )\"\n\t\t\t\t\taria-labelledby=\"sow-carousel-id-650\"\n\t\t\t\t\ttabindex=\"-1\"\n\t\t\t\t>\n\t\t\t\t\t<span class=\"overlay\"><\/span>\n\t\t\t\t<\/a>\n\t\t\t\t\t<\/div>\n\t\t<h3 class=\"sow-carousel-item-title\">\n\t\t\t<a\n\t\t\t\thref=\"https:\/\/honsume.com\/blog\/2025\/11\/05\/nachhaltige-adventskalender-2025\/\"\n\t\t\t\tid=\"sow-carousel-id-650\"\n\t\t\t\t\t\t\t\ttabindex=\"-1\"\n\t\t\t>\n\n\t\t\t\tNachhaltige Adventskalender 2025 \u2013 bewusste Vorfreude statt Massenkonsum\t\t\t<\/a>\n\t\t<\/h3>\n\t<\/div>\n\t\t\t<\/div>\n\t\t\t<\/div>\n\n\t<\/div>\n\t\t<input type=\"hidden\" name=\"instance_hash\" value=\"7231fc93\"\/>\n\t<\/div>\n<\/div><\/div><\/div><\/div><\/div><\/div><div id=\"pg-w6949b807bdeff-2\"  class=\"panel-grid panel-has-style\" ><div class=\"siteorigin-panels-stretch panel-row-style panel-row-style-for-w6949b807bdeff-2\" data-stretch-type=\"full-width-stretch\" ><div id=\"pgc-w6949b807bdeff-2-0\"  class=\"panel-grid-cell\" ><div id=\"panel-w6949b807bdeff-2-0-0\" class=\"so-panel widget widget_sow-hero panel-first-child panel-last-child\" data-index=\"2\" ><div\n\t\t\t\n\t\t\tclass=\"so-widget-sow-hero so-widget-sow-hero-default-02b633dca158 so-widget-fittext-wrapper\"\n\t\t\t data-fit-text-compressor=\"0.85\"\n\t\t>\t\t\t\t<div class=\"sow-slider-base\" style=\"display: none\" tabindex=\"0\">\n\t\t\t\t\t<ul\n\t\t\t\t\tclass=\"sow-slider-images\"\n\t\t\t\t\tdata-settings=\"{&quot;pagination&quot;:true,&quot;speed&quot;:800,&quot;timeout&quot;:8000,&quot;paused&quot;:true,&quot;pause_on_hover&quot;:false,&quot;swipe&quot;:true,&quot;nav_always_show_desktop&quot;:&quot;&quot;,&quot;nav_always_show_mobile&quot;:&quot;&quot;,&quot;breakpoint&quot;:&quot;780px&quot;,&quot;unmute&quot;:false,&quot;anchor&quot;:null}\"\n\t\t\t\t\t\t\t\t\t\tdata-anchor-id=\"\"\n\t\t\t\t>\t\t<li class=\"sow-slider-image\" style=\"visibility: visible;;background-color: #102408\" >\n\t\t\t\t\t<div class=\"sow-slider-image-container\">\n\t\t\t<div class=\"sow-slider-image-wrapper\">\n\t\t\t\t<h1 style=\"text-align: center\">Bereit, einen nachhaltigeren Ansatz f\u00fcr deinen Stil zu \u00fcbernehmen?<\/h1>\n<p style=\"text-align: center\">\"Wir sind der Meinung, dass Stil und Nachhaltigkeit Hand in Hand gehen k\u00f6nnen, und wir sind hier, um es dir zu beweisen. Wenn du es leid bist, deine Ethik f\u00fcr deine Garderobe zu opfern, oder dich von den negativen Auswirkungen der Modeindustrie auf die Umwelt \u00fcberw\u00e4ltigt f\u00fchlst, bist du hier genau richtig.\"<\/p>\n<div class=\"sow-hero-buttons\" style=\"text-align: center;font-family: Montserrat\"><div\n\t\t\t\n\t\t\tclass=\"so-widget-sow-button so-widget-sow-button-wire-02199caa741d\"\n\t\t\t\n\t\t><div class=\"ow-button-base ow-button-align-center\"\n>\n\t\t\t<a\n\t\t\t\t\thref=\"https:\/\/honsume.com\/blog\/unsere-vision\/\"\n\t\t\t\t\tclass=\"sowb-button ow-icon-placement-left ow-button-hover\" \t>\n\t\t<span>\n\t\t\t\n\t\t\tUNSERE VISION\t\t<\/span>\n\t\t\t<\/a>\n\t<\/div>\n<\/div><\/div>\n\t\t\t<\/div>\n\t\t<\/div>\n\t\t\t\t<\/li>\n\t\t<\/ul>\t\t\t\t<ol class=\"sow-slider-pagination\">\n\t\t\t\t\t\t\t\t\t\t\t<li><a href=\"#\" data-goto=\"0\" aria-label=\"Display slide 1\"><\/a><\/li>\n\t\t\t\t\t\t\t\t\t<\/ol>\n\n\t\t\t\t<div class=\"sow-slide-nav sow-slide-nav-next\">\n\t\t\t\t\t<a href=\"#\" data-goto=\"next\" aria-label=\"Next slide\" data-action=\"next\">\n\t\t\t\t\t\t<em class=\"sow-sld-icon-thin-right\"><\/em>\n\t\t\t\t\t<\/a>\n\t\t\t\t<\/div>\n\n\t\t\t\t<div class=\"sow-slide-nav sow-slide-nav-prev\">\n\t\t\t\t\t<a href=\"#\" data-goto=\"previous\" aria-label=\"Previous slide\" data-action=\"prev\">\n\t\t\t\t\t\t<em class=\"sow-sld-icon-thin-left\"><\/em>\n\t\t\t\t\t<\/a>\n\t\t\t\t<\/div>\n\t\t\t\t<\/div><\/div><\/div><\/div><\/div><\/div><div id=\"pg-w6949b807bdeff-3\"  class=\"panel-grid panel-has-style\" ><div class=\"siteorigin-panels-stretch panel-row-style panel-row-style-for-w6949b807bdeff-3\" data-stretch-type=\"full\" ><div id=\"pgc-w6949b807bdeff-3-0\"  class=\"panel-grid-cell\" ><div id=\"panel-w6949b807bdeff-3-0-0\" class=\"so-panel widget widget_sow-button panel-first-child panel-last-child\" data-index=\"3\" ><div\n\t\t\t\n\t\t\tclass=\"so-widget-sow-button so-widget-sow-button-wire-da9b332dd636\"\n\t\t\t\n\t\t><div class=\"ow-button-base ow-button-align-center\"\n>\n\t\t\t<a\n\t\t\t\t\thref=\"https:\/\/honsume.com\/blog\/kontakt\/\"\n\t\t\t\t\tclass=\"sowb-button ow-icon-placement-left ow-button-hover\" target=\"_blank\" rel=\"noopener noreferrer\" \t>\n\t\t<span>\n\t\t\t\n\t\t\tSCHREIBE UNS EINE NACHRICHT!\t\t<\/span>\n\t\t\t<\/a>\n\t<\/div>\n<\/div><\/div><\/div><\/div><\/div><\/div><\/div><\/div><\/div><\/div><\/div><\/div><\/div><\/div>","protected":false},"excerpt":{"rendered":"","protected":false},"author":2,"featured_media":0,"parent":0,"menu_order":0,"comment_status":"closed","ping_status":"closed","template":"","meta":{"footnotes":""},"class_list":["post-255","page","type-page","status-publish","hentry","post"],"yoast_head":"<!-- This site is optimized with the Yoast SEO plugin v26.5 - https:\/\/yoast.com\/wordpress\/plugins\/seo\/ -->\n<title>Home - honsume<\/title>\n<meta name=\"robots\" content=\"index, follow, max-snippet:-1, max-image-preview:large, max-video-preview:-1\" \/>\n<link rel=\"canonical\" href=\"https:\/\/honsume.com\/blog\/\" \/>\n<meta property=\"og:locale\" content=\"de_DE\" \/>\n<meta property=\"og:type\" content=\"article\" \/>\n<meta property=\"og:title\" content=\"Home - honsume\" \/>\n<meta property=\"og:url\" content=\"https:\/\/honsume.com\/blog\/\" \/>\n<meta property=\"og:site_name\" content=\"honsume\" \/>\n<meta property=\"article:modified_time\" content=\"2025-12-22T21:28:39+00:00\" \/>\n<meta name=\"twitter:card\" content=\"summary_large_image\" \/>\n<meta name=\"twitter:label1\" content=\"Gesch\u00e4tzte Lesezeit\" \/>\n\t<meta name=\"twitter:data1\" content=\"1\u00a0Minute\" \/>\n<script type=\"application\/ld+json\" class=\"yoast-schema-graph\">{\"@context\":\"https:\/\/schema.org\",\"@graph\":[{\"@type\":\"WebPage\",\"@id\":\"https:\/\/honsume.com\/blog\/\",\"url\":\"https:\/\/honsume.com\/blog\/\",\"name\":\"Home - honsume\",\"isPartOf\":{\"@id\":\"https:\/\/honsume.com\/blog\/#website\"},\"datePublished\":\"2022-07-26T20:38:30+00:00\",\"dateModified\":\"2025-12-22T21:28:39+00:00\",\"breadcrumb\":{\"@id\":\"https:\/\/honsume.com\/blog\/#breadcrumb\"},\"inLanguage\":\"de\",\"potentialAction\":[{\"@type\":\"ReadAction\",\"target\":[\"https:\/\/honsume.com\/blog\/\"]}]},{\"@type\":\"BreadcrumbList\",\"@id\":\"https:\/\/honsume.com\/blog\/#breadcrumb\",\"itemListElement\":[{\"@type\":\"ListItem\",\"position\":1,\"name\":\"Startseite\",\"item\":\"https:\/\/honsume.com\/blog\/\"},{\"@type\":\"ListItem\",\"position\":2,\"name\":\"Home\"}]},{\"@type\":\"WebSite\",\"@id\":\"https:\/\/honsume.com\/blog\/#website\",\"url\":\"https:\/\/honsume.com\/blog\/\",\"name\":\"honsume\",\"description\":\"\",\"publisher\":{\"@id\":\"https:\/\/honsume.com\/blog\/#organization\"},\"potentialAction\":[{\"@type\":\"SearchAction\",\"target\":{\"@type\":\"EntryPoint\",\"urlTemplate\":\"https:\/\/honsume.com\/blog\/?s={search_term_string}\"},\"query-input\":{\"@type\":\"PropertyValueSpecification\",\"valueRequired\":true,\"valueName\":\"search_term_string\"}}],\"inLanguage\":\"de\"},{\"@type\":\"Organization\",\"@id\":\"https:\/\/honsume.com\/blog\/#organization\",\"name\":\"honsume\",\"url\":\"https:\/\/honsume.com\/blog\/\",\"logo\":{\"@type\":\"ImageObject\",\"inLanguage\":\"de\",\"@id\":\"https:\/\/honsume.com\/blog\/#\/schema\/logo\/image\/\",\"url\":\"https:\/\/honsume.com\/blog\/wp-content\/uploads\/2025\/12\/cropped-honsume-icon-green-near.png\",\"contentUrl\":\"https:\/\/honsume.com\/blog\/wp-content\/uploads\/2025\/12\/cropped-honsume-icon-green-near.png\",\"width\":448,\"height\":430,\"caption\":\"honsume\"},\"image\":{\"@id\":\"https:\/\/honsume.com\/blog\/#\/schema\/logo\/image\/\"}}]}<\/script>\n<!-- \/ Yoast SEO plugin. -->","yoast_head_json":{"title":"Home - honsume","robots":{"index":"index","follow":"follow","max-snippet":"max-snippet:-1","max-image-preview":"max-image-preview:large","max-video-preview":"max-video-preview:-1"},"canonical":"https:\/\/honsume.com\/blog\/","og_locale":"de_DE","og_type":"article","og_title":"Home - honsume","og_url":"https:\/\/honsume.com\/blog\/","og_site_name":"honsume","article_modified_time":"2025-12-22T21:28:39+00:00","twitter_card":"summary_large_image","twitter_misc":{"Gesch\u00e4tzte Lesezeit":"1\u00a0Minute"},"schema":{"@context":"https:\/\/schema.org","@graph":[{"@type":"WebPage","@id":"https:\/\/honsume.com\/blog\/","url":"https:\/\/honsume.com\/blog\/","name":"Home - honsume","isPartOf":{"@id":"https:\/\/honsume.com\/blog\/#website"},"datePublished":"2022-07-26T20:38:30+00:00","dateModified":"2025-12-22T21:28:39+00:00","breadcrumb":{"@id":"https:\/\/honsume.com\/blog\/#breadcrumb"},"inLanguage":"de","potentialAction":[{"@type":"ReadAction","target":["https:\/\/honsume.com\/blog\/"]}]},{"@type":"BreadcrumbList","@id":"https:\/\/honsume.com\/blog\/#breadcrumb","itemListElement":[{"@type":"ListItem","position":1,"name":"Startseite","item":"https:\/\/honsume.com\/blog\/"},{"@type":"ListItem","position":2,"name":"Home"}]},{"@type":"WebSite","@id":"https:\/\/honsume.com\/blog\/#website","url":"https:\/\/honsume.com\/blog\/","name":"honsume","description":"","publisher":{"@id":"https:\/\/honsume.com\/blog\/#organization"},"potentialAction":[{"@type":"SearchAction","target":{"@type":"EntryPoint","urlTemplate":"https:\/\/honsume.com\/blog\/?s={search_term_string}"},"query-input":{"@type":"PropertyValueSpecification","valueRequired":true,"valueName":"search_term_string"}}],"inLanguage":"de"},{"@type":"Organization","@id":"https:\/\/honsume.com\/blog\/#organization","name":"honsume","url":"https:\/\/honsume.com\/blog\/","logo":{"@type":"ImageObject","inLanguage":"de","@id":"https:\/\/honsume.com\/blog\/#\/schema\/logo\/image\/","url":"https:\/\/honsume.com\/blog\/wp-content\/uploads\/2025\/12\/cropped-honsume-icon-green-near.png","contentUrl":"https:\/\/honsume.com\/blog\/wp-content\/uploads\/2025\/12\/cropped-honsume-icon-green-near.png","width":448,"height":430,"caption":"honsume"},"image":{"@id":"https:\/\/honsume.com\/blog\/#\/schema\/logo\/image\/"}}]}},"_links":{"self":[{"href":"https:\/\/honsume.com\/blog\/wp-json\/wp\/v2\/pages\/255","targetHints":{"allow":["GET"]}}],"collection":[{"href":"https:\/\/honsume.com\/blog\/wp-json\/wp\/v2\/pages"}],"about":[{"href":"https:\/\/honsume.com\/blog\/wp-json\/wp\/v2\/types\/page"}],"author":[{"embeddable":true,"href":"https:\/\/honsume.com\/blog\/wp-json\/wp\/v2\/users\/2"}],"replies":[{"embeddable":true,"href":"https:\/\/honsume.com\/blog\/wp-json\/wp\/v2\/comments?post=255"}],"version-history":[{"count":2,"href":"https:\/\/honsume.com\/blog\/wp-json\/wp\/v2\/pages\/255\/revisions"}],"predecessor-version":[{"id":716,"href":"https:\/\/honsume.com\/blog\/wp-json\/wp\/v2\/pages\/255\/revisions\/716"}],"wp:attachment":[{"href":"https:\/\/honsume.com\/blog\/wp-json\/wp\/v2\/media?parent=255"}],"curies":[{"name":"wp","href":"https:\/\/api.w.org\/{rel}","templated":true}]}}